{"id":436,"date":"2024-03-14T10:45:29","date_gmt":"2024-03-14T10:45:29","guid":{"rendered":"https:\/\/autoescolarovira.com\/?page_id=436"},"modified":"2025-06-04T07:19:42","modified_gmt":"2025-06-04T07:19:42","slug":"permis-b","status":"publish","type":"page","link":"https:\/\/autoescolarovira.com\/es\/permis-b\/","title":{"rendered":"Permiso B"},"content":{"rendered":"<div data-elementor-type=\"wp-page\" data-elementor-id=\"436\" class=\"elementor elementor-436\" data-elementor-post-type=\"page\">\n\t\t\t\t\t\t\t\t\t<section class=\"elementor-section elementor-top-section elementor-element elementor-element-6e2934f elementor-section-boxed elementor-section-height-default elementor-section-height-default\" data-id=\"6e2934f\" data-element_type=\"section\">\n\t\t\t\t\t\t<div class=\"elementor-container elementor-column-gap-default\">\n\t\t\t\t\t<div class=\"elementor-column elementor-col-100 elementor-top-column elementor-element elementor-element-4f4d0b6\" data-id=\"4f4d0b6\" data-element_type=\"column\">\n\t\t\t<div class=\"elementor-widget-wrap\">\n\t\t\t\t\t\t\t\t\t<\/div>\n\t\t<\/div>\n\t\t\t\t\t\t\t<\/div>\n\t\t<\/section>\n\t\t\t\t<section class=\"elementor-section elementor-top-section elementor-element elementor-element-6b05832 elementor-section-boxed elementor-section-height-default elementor-section-height-default\" data-id=\"6b05832\" data-element_type=\"section\">\n\t\t\t\t\t\t<div class=\"elementor-container elementor-column-gap-default\">\n\t\t\t\t\t<div class=\"elementor-column elementor-col-100 elementor-top-column elementor-element elementor-element-e6616be\" data-id=\"e6616be\" data-element_type=\"column\">\n\t\t\t<div class=\"elementor-widget-wrap elementor-element-populated\">\n\t\t\t\t\t\t\t\t<div class=\"elementor-element elementor-element-7872cfe elementor-widget elementor-widget-heading\" data-id=\"7872cfe\" data-element_type=\"widget\" data-widget_type=\"heading.default\">\n\t\t\t\t<div class=\"elementor-widget-container\">\n\t\t\t<h2 class=\"elementor-heading-title elementor-size-default\">PERM\u00ccS B<\/h2>\t\t<\/div>\n\t\t\t\t<\/div>\n\t\t\t\t\t<\/div>\n\t\t<\/div>\n\t\t\t\t\t\t\t<\/div>\n\t\t<\/section>\n\t\t\t\t<section class=\"elementor-section elementor-top-section elementor-element elementor-element-3db80f9 elementor-section-boxed elementor-section-height-default elementor-section-height-default\" data-id=\"3db80f9\" data-element_type=\"section\">\n\t\t\t\t\t\t<div class=\"elementor-container elementor-column-gap-default\">\n\t\t\t\t\t<div class=\"elementor-column elementor-col-25 elementor-top-column elementor-element elementor-element-b2d5b30\" data-id=\"b2d5b30\" data-element_type=\"column\">\n\t\t\t<div class=\"elementor-widget-wrap elementor-element-populated\">\n\t\t\t\t\t\t\t\t<div class=\"elementor-element elementor-element-1e3e0c4 elementor-widget elementor-widget-heading\" data-id=\"1e3e0c4\" data-element_type=\"widget\" data-widget_type=\"heading.default\">\n\t\t\t\t<div class=\"elementor-widget-container\">\n\t\t\t<h2 class=\"elementor-heading-title elementor-size-default\">PACK B\u00c0SIC (599\u20ac)<\/h2>\t\t<\/div>\n\t\t\t\t<\/div>\n\t\t\t\t<div class=\"elementor-element elementor-element-3457bf2 elementor-widget elementor-widget-text-editor\" data-id=\"3457bf2\" data-element_type=\"widget\" data-widget_type=\"text-editor.default\">\n\t\t\t\t<div class=\"elementor-widget-container\">\n\t\t\t\t\t\t\t<p>(Nom\u00e9s inclou la part te\u00f2rica)<\/p><ul><li>Matr\u00edcula<\/li><li>Curs presencial te\u00f2rica<\/li><li>Material did\u00e0ctic<\/li><li>Material digital i test on line*<\/li><li>Tramitaci\u00f3 d\u2019expedient<\/li><li>1 examen de te\u00f2rica<\/li><li>21% IVA incl\u00f2s<\/li><\/ul><p>*L\u2019acc\u00e9s a la plataforma dels test on line t\u00e9 una durada d\u2019un mes i \u00e9s ampliable<\/p><p>**Taxa de la DGT (94,05\u20ac) no inclosa<\/p><p>\u00a0<\/p><p>FORMA DE PAGAMENT:<\/p><ul><li>1\u00aa QUOTA al moment de la matriculaci\u00f3 a 299\u20ac<\/li><li>2\u00aa QUOTA al moment de sol\u00b7licitar data per a l\u2019examen te\u00f2ric a 300\u20ac + taxa DGT<\/li><\/ul>\t\t\t\t\t\t<\/div>\n\t\t\t\t<\/div>\n\t\t\t\t<div class=\"elementor-element elementor-element-131a725 elementor-align-center elementor-widget elementor-widget-button\" data-id=\"131a725\" data-element_type=\"widget\" data-widget_type=\"button.default\">\n\t\t\t\t<div class=\"elementor-widget-container\">\n\t\t\t\t\t<div class=\"elementor-button-wrapper\">\n\t\t\t<a class=\"elementor-button elementor-button-link elementor-size-sm\" href=\"https:\/\/rovira.winautogest.com\/registroalu\/nuevo\">\n\t\t\t\t\t\t<span class=\"elementor-button-content-wrapper\">\n\t\t\t\t\t\t<span class=\"elementor-button-text\">MATRICULARSE<\/span>\n\t\t<\/span>\n\t\t\t\t\t<\/a>\n\t\t<\/div>\n\t\t\t\t<\/div>\n\t\t\t\t<\/div>\n\t\t\t\t\t<\/div>\n\t\t<\/div>\n\t\t\t\t<div class=\"elementor-column elementor-col-25 elementor-top-column elementor-element elementor-element-8bc7918\" data-id=\"8bc7918\" data-element_type=\"column\">\n\t\t\t<div class=\"elementor-widget-wrap elementor-element-populated\">\n\t\t\t\t\t\t\t\t<div class=\"elementor-element elementor-element-b9a1a04 elementor-widget elementor-widget-heading\" data-id=\"b9a1a04\" data-element_type=\"widget\" data-widget_type=\"heading.default\">\n\t\t\t\t<div class=\"elementor-widget-container\">\n\t\t\t<h2 class=\"elementor-heading-title elementor-size-default\">PACK B7 (989\u20ac)<\/h2>\t\t<\/div>\n\t\t\t\t<\/div>\n\t\t\t\t<div class=\"elementor-element elementor-element-b0be37d elementor-widget elementor-widget-text-editor\" data-id=\"b0be37d\" data-element_type=\"widget\" data-widget_type=\"text-editor.default\">\n\t\t\t\t<div class=\"elementor-widget-container\">\n\t\t\t\t\t\t\t<p>(Te\u00f2rica + 7 pr\u00e0ctiques)<\/p><ul><li>Matr\u00edcula<\/li><li>Curs presencial te\u00f2rica<\/li><li>Material did\u00e0ctic<\/li><li>Material digital i test on line*<\/li><li>Tramitaci\u00f3 d\u2019expedient<\/li><li>1 examen de te\u00f2rica<\/li><li>1 examen circulaci\u00f3<\/li><li>7 pr\u00e0ctiques de 60 minuts<\/li><li>21% IVA incl\u00f2s<\/li><\/ul><p>*L\u2019acc\u00e9s a la plataforma dels test on line t\u00e9 una durada d\u2019un mes i \u00e9s ampliable<\/p><p>**Taxa de la DGT (94,05\u20ac) no inclosa<\/p><p>\u00a0<\/p><p>FORMA DE PAGAMENT:<\/p><ul><li>1\u00aa QUOTA al moment de la matriculaci\u00f3 a 299\u20ac<\/li><li>2\u00aa QUOTA al moment de sol\u00b7licitar data per a l\u2019examen te\u00f2ric a 300\u20ac + taxa DGT<\/li><li>3\u00aa QUOTA a l\u2019inici de les pr\u00e0ctiques a 400\u20ac<\/li><\/ul>\t\t\t\t\t\t<\/div>\n\t\t\t\t<\/div>\n\t\t\t\t<div class=\"elementor-element elementor-element-8df20d6 elementor-align-center elementor-widget elementor-widget-button\" data-id=\"8df20d6\" data-element_type=\"widget\" data-widget_type=\"button.default\">\n\t\t\t\t<div class=\"elementor-widget-container\">\n\t\t\t\t\t<div class=\"elementor-button-wrapper\">\n\t\t\t<a class=\"elementor-button elementor-button-link elementor-size-sm\" href=\"https:\/\/rovira.winautogest.com\/registroalu\/nuevo\">\n\t\t\t\t\t\t<span class=\"elementor-button-content-wrapper\">\n\t\t\t\t\t\t<span class=\"elementor-button-text\">MATRICULARSE<\/span>\n\t\t<\/span>\n\t\t\t\t\t<\/a>\n\t\t<\/div>\n\t\t\t\t<\/div>\n\t\t\t\t<\/div>\n\t\t\t\t\t<\/div>\n\t\t<\/div>\n\t\t\t\t<div class=\"elementor-column elementor-col-25 elementor-top-column elementor-element elementor-element-a48e29f\" data-id=\"a48e29f\" data-element_type=\"column\">\n\t\t\t<div class=\"elementor-widget-wrap elementor-element-populated\">\n\t\t\t\t\t\t\t\t<div class=\"elementor-element elementor-element-63cac81 elementor-widget elementor-widget-heading\" data-id=\"63cac81\" data-element_type=\"widget\" data-widget_type=\"heading.default\">\n\t\t\t\t<div class=\"elementor-widget-container\">\n\t\t\t<h2 class=\"elementor-heading-title elementor-size-default\">PACK B14 (1289\u20ac)<\/h2>\t\t<\/div>\n\t\t\t\t<\/div>\n\t\t\t\t<div class=\"elementor-element elementor-element-992abe4 elementor-widget elementor-widget-text-editor\" data-id=\"992abe4\" data-element_type=\"widget\" data-widget_type=\"text-editor.default\">\n\t\t\t\t<div class=\"elementor-widget-container\">\n\t\t\t\t\t\t\t<p>(Te\u00f2rica + 14 pr\u00e0ctiques)<\/p><ul><li>Matr\u00edcula<\/li><li>Curs presencial te\u00f2rica<\/li><li>Material did\u00e0ctic<\/li><li>Material digital i test on line*<\/li><li>Tramitaci\u00f3 d\u2019expedient<\/li><li>1 examen de te\u00f2rica<\/li><li>1 examen circulaci\u00f3<\/li><li>14 pr\u00e0ctiques de 60 minuts<\/li><li>21% IVA incl\u00f2s<\/li><\/ul><p>*L\u2019acc\u00e9s a la plataforma dels test on line t\u00e9 una durada d\u2019un mes i \u00e9s ampliable<\/p><p>**Taxa de la DGT (94,05\u20ac) no inclosa<\/p><p>\u00a0<\/p><p>FORMA DE PAGAMENT:<\/p><ul><li>1\u00aa QUOTA al moment de la matriculaci\u00f3 a 299\u20ac<\/li><li>2\u00aa QUOTA al moment de sol\u00b7licitar data per a l\u2019examen te\u00f2ric a 300\u20ac + taxa DGT<\/li><li>3\u00aa QUOTA a l\u2019inici de les pr\u00e0ctiques a 700\u20ac<\/li><\/ul>\t\t\t\t\t\t<\/div>\n\t\t\t\t<\/div>\n\t\t\t\t<div class=\"elementor-element elementor-element-c250226 elementor-align-center elementor-widget elementor-widget-button\" data-id=\"c250226\" data-element_type=\"widget\" data-widget_type=\"button.default\">\n\t\t\t\t<div class=\"elementor-widget-container\">\n\t\t\t\t\t<div class=\"elementor-button-wrapper\">\n\t\t\t<a class=\"elementor-button elementor-button-link elementor-size-sm\" href=\"https:\/\/rovira.winautogest.com\/registroalu\/nuevo\">\n\t\t\t\t\t\t<span class=\"elementor-button-content-wrapper\">\n\t\t\t\t\t\t<span class=\"elementor-button-text\">MATRICULARSE<\/span>\n\t\t<\/span>\n\t\t\t\t\t<\/a>\n\t\t<\/div>\n\t\t\t\t<\/div>\n\t\t\t\t<\/div>\n\t\t\t\t\t<\/div>\n\t\t<\/div>\n\t\t\t\t<div class=\"elementor-column elementor-col-25 elementor-top-column elementor-element elementor-element-574341c\" data-id=\"574341c\" data-element_type=\"column\">\n\t\t\t<div class=\"elementor-widget-wrap elementor-element-populated\">\n\t\t\t\t\t\t\t\t<div class=\"elementor-element elementor-element-9e92136 elementor-widget elementor-widget-heading\" data-id=\"9e92136\" data-element_type=\"widget\" data-widget_type=\"heading.default\">\n\t\t\t\t<div class=\"elementor-widget-container\">\n\t\t\t<h2 class=\"elementor-heading-title elementor-size-default\">B TRASLLAT (285\u20ac)<\/h2>\t\t<\/div>\n\t\t\t\t<\/div>\n\t\t\t\t<div class=\"elementor-element elementor-element-97f8e14 elementor-widget elementor-widget-text-editor\" data-id=\"97f8e14\" data-element_type=\"widget\" data-widget_type=\"text-editor.default\">\n\t\t\t\t<div class=\"elementor-widget-container\">\n\t\t\t\t\t\t\t<p>(Nom\u00e9s inclou la part pr\u00e0ctica)<\/p><ul><li>Matr\u00edcula<\/li><li>Tramitaci\u00f3 d\u2019expedient<\/li><li>1 examen de circulaci\u00f3<\/li><li>21% IVA incl\u00f2s<\/li><\/ul><p>*Taxa de la DGT (8,67\u20ac o 94,05\u20ac) no inclosa<\/p><p>\u00a0<\/p><p>\u00a0<\/p><p>FORMA DE PAGAMENT:<\/p><ul><li>1\u00aa QUOTA al moment de la matriculaci\u00f3 \u00e0 285\u20ac + taxa corresponent\u00a0 DGT<\/li><li>Pagament de les pr\u00e0ctiques en el moment de l\u2019inici de la formaci\u00f3<\/li><\/ul>\t\t\t\t\t\t<\/div>\n\t\t\t\t<\/div>\n\t\t\t\t<div class=\"elementor-element elementor-element-953eca3 elementor-align-center elementor-widget elementor-widget-button\" data-id=\"953eca3\" data-element_type=\"widget\" data-widget_type=\"button.default\">\n\t\t\t\t<div class=\"elementor-widget-container\">\n\t\t\t\t\t<div class=\"elementor-button-wrapper\">\n\t\t\t<a class=\"elementor-button elementor-button-link elementor-size-sm\" href=\"https:\/\/rovira.winautogest.com\/registroalu\/nuevo\">\n\t\t\t\t\t\t<span class=\"elementor-button-content-wrapper\">\n\t\t\t\t\t\t<span class=\"elementor-button-text\">MATRICULARSE<\/span>\n\t\t<\/span>\n\t\t\t\t\t<\/a>\n\t\t<\/div>\n\t\t\t\t<\/div>\n\t\t\t\t<\/div>\n\t\t\t\t\t<\/div>\n\t\t<\/div>\n\t\t\t\t\t\t\t<\/div>\n\t\t<\/section>\n\t\t\t\t\t\t\t<\/div>","protected":false},"excerpt":{"rendered":"<p>PERM\u00ccS B PACK B\u00c0SIC (599\u20ac) (Nom\u00e9s inclou la part te\u00f2rica) Matr\u00edcula Curs presencial te\u00f2rica Material did\u00e0ctic Material digital i test on line* Tramitaci\u00f3 d\u2019expedient 1 examen de te\u00f2rica 21% IVA incl\u00f2s *L\u2019acc\u00e9s a la plataforma dels test on line t\u00e9 una durada d\u2019un mes i \u00e9s ampliable **Taxa de la DGT (94,05\u20ac) no inclosa FORMA [&hellip;]<\/p>","protected":false},"author":2,"featured_media":0,"parent":0,"menu_order":0,"comment_status":"closed","ping_status":"closed","template":"","meta":{"site-sidebar-layout":"no-sidebar","site-content-layout":"page-builder","ast-site-content-layout":"full-width-container","site-content-style":"default","site-sidebar-style":"default","ast-global-header-display":"","ast-banner-title-visibility":"","ast-main-header-display":"","ast-hfb-above-header-display":"","ast-hfb-below-header-display":"","ast-hfb-mobile-header-display":"","site-post-title":"disabled","ast-breadcrumbs-content":"","ast-featured-img":"disabled","footer-sml-layout":"","theme-transparent-header-meta":"default","adv-header-id-meta":"","stick-header-meta":"","header-above-stick-meta":"","header-main-stick-meta":"","header-below-stick-meta":"","astra-migrate-meta-layouts":"set","ast-page-background-enabled":"default","ast-page-background-meta":{"desktop":{"background-color":"","background-image":"","background-repeat":"repeat","background-position":"center center","background-size":"auto","background-attachment":"scroll","background-type":"","background-media":"","overlay-type":"","overlay-color":"","overlay-gradient":""},"tablet":{"background-color":"","background-image":"","background-repeat":"repeat","background-position":"center center","background-size":"auto","background-attachment":"scroll","background-type":"","background-media":"","overlay-type":"","overlay-color":"","overlay-gradient":""},"mobile":{"background-color":"","background-image":"","background-repeat":"repeat","background-position":"center center","background-size":"auto","background-attachment":"scroll","background-type":"","background-media":"","overlay-type":"","overlay-color":"","overlay-gradient":""}},"ast-content-background-meta":{"desktop":{"background-color":"var(--ast-global-color-5)","background-image":"","background-repeat":"repeat","background-position":"center center","background-size":"auto","background-attachment":"scroll","background-type":"","background-media":"","overlay-type":"","overlay-color":"","overlay-gradient":""},"tablet":{"background-color":"var(--ast-global-color-5)","background-image":"","background-repeat":"repeat","background-position":"center center","background-size":"auto","background-attachment":"scroll","background-type":"","background-media":"","overlay-type":"","overlay-color":"","overlay-gradient":""},"mobile":{"background-color":"var(--ast-global-color-5)","background-image":"","background-repeat":"repeat","background-position":"center center","background-size":"auto","background-attachment":"scroll","background-type":"","background-media":"","overlay-type":"","overlay-color":"","overlay-gradient":""}},"footnotes":"","_joinchat":[]},"yoast_head":"<!-- This site is optimized with the Yoast SEO plugin v22.1 - https:\/\/yoast.com\/wordpress\/plugins\/seo\/ -->\n<title>Perm\u00eds B - Autoescola Rovira<\/title>\n<meta name=\"robots\" content=\"index, follow, max-snippet:-1, max-image-preview:large, max-video-preview:-1\" \/>\n<link rel=\"canonical\" href=\"https:\/\/autoescolarovira.com\/es\/permis-b\/\" \/>\n<meta property=\"og:locale\" content=\"es_ES\" \/>\n<meta property=\"og:type\" content=\"article\" \/>\n<meta property=\"og:title\" content=\"Perm\u00eds B - Autoescola Rovira\" \/>\n<meta property=\"og:description\" content=\"PERM\u00ccS B PACK B\u00c0SIC (599\u20ac) (Nom\u00e9s inclou la part te\u00f2rica) Matr\u00edcula Curs presencial te\u00f2rica Material did\u00e0ctic Material digital i test on line* Tramitaci\u00f3 d\u2019expedient 1 examen de te\u00f2rica 21% IVA incl\u00f2s *L\u2019acc\u00e9s a la plataforma dels test on line t\u00e9 una durada d\u2019un mes i \u00e9s ampliable **Taxa de la DGT (94,05\u20ac) no inclosa FORMA [&hellip;]\" \/>\n<meta property=\"og:url\" content=\"https:\/\/autoescolarovira.com\/es\/permis-b\/\" \/>\n<meta property=\"og:site_name\" content=\"Autoescola Rovira\" \/>\n<meta property=\"article:modified_time\" content=\"2025-06-04T07:19:42+00:00\" \/>\n<meta name=\"twitter:card\" content=\"summary_large_image\" \/>\n<meta name=\"twitter:label1\" content=\"Tiempo de lectura\" \/>\n\t<meta name=\"twitter:data1\" content=\"2 minutos\" \/>\n<script type=\"application\/ld+json\" class=\"yoast-schema-graph\">{\"@context\":\"https:\/\/schema.org\",\"@graph\":[{\"@type\":\"WebPage\",\"@id\":\"https:\/\/autoescolarovira.com\/permis-b\/\",\"url\":\"https:\/\/autoescolarovira.com\/permis-b\/\",\"name\":\"Perm\u00eds B - Autoescola Rovira\",\"isPartOf\":{\"@id\":\"https:\/\/autoescolarovira.com\/es\/#website\"},\"datePublished\":\"2024-03-14T10:45:29+00:00\",\"dateModified\":\"2025-06-04T07:19:42+00:00\",\"breadcrumb\":{\"@id\":\"https:\/\/autoescolarovira.com\/permis-b\/#breadcrumb\"},\"inLanguage\":\"es\",\"potentialAction\":[{\"@type\":\"ReadAction\",\"target\":[\"https:\/\/autoescolarovira.com\/permis-b\/\"]}]},{\"@type\":\"BreadcrumbList\",\"@id\":\"https:\/\/autoescolarovira.com\/permis-b\/#breadcrumb\",\"itemListElement\":[{\"@type\":\"ListItem\",\"position\":1,\"name\":\"Portada\",\"item\":\"https:\/\/autoescolarovira.com\/\"},{\"@type\":\"ListItem\",\"position\":2,\"name\":\"Perm\u00eds B\"}]},{\"@type\":\"WebSite\",\"@id\":\"https:\/\/autoescolarovira.com\/es\/#website\",\"url\":\"https:\/\/autoescolarovira.com\/es\/\",\"name\":\"Autoescola Rovira\",\"description\":\"\",\"potentialAction\":[{\"@type\":\"SearchAction\",\"target\":{\"@type\":\"EntryPoint\",\"urlTemplate\":\"https:\/\/autoescolarovira.com\/es\/?s={search_term_string}\"},\"query-input\":\"required name=search_term_string\"}],\"inLanguage\":\"es\"}]}<\/script>\n<!-- \/ Yoast SEO plugin. -->","yoast_head_json":{"title":"Perm\u00eds B - Autoescola Rovira","robots":{"index":"index","follow":"follow","max-snippet":"max-snippet:-1","max-image-preview":"max-image-preview:large","max-video-preview":"max-video-preview:-1"},"canonical":"https:\/\/autoescolarovira.com\/es\/permis-b\/","og_locale":"es_ES","og_type":"article","og_title":"Perm\u00eds B - Autoescola Rovira","og_description":"PERM\u00ccS B PACK B\u00c0SIC (599\u20ac) (Nom\u00e9s inclou la part te\u00f2rica) Matr\u00edcula Curs presencial te\u00f2rica Material did\u00e0ctic Material digital i test on line* Tramitaci\u00f3 d\u2019expedient 1 examen de te\u00f2rica 21% IVA incl\u00f2s *L\u2019acc\u00e9s a la plataforma dels test on line t\u00e9 una durada d\u2019un mes i \u00e9s ampliable **Taxa de la DGT (94,05\u20ac) no inclosa FORMA [&hellip;]","og_url":"https:\/\/autoescolarovira.com\/es\/permis-b\/","og_site_name":"Autoescola Rovira","article_modified_time":"2025-06-04T07:19:42+00:00","twitter_card":"summary_large_image","twitter_misc":{"Tiempo de lectura":"2 minutos"},"schema":{"@context":"https:\/\/schema.org","@graph":[{"@type":"WebPage","@id":"https:\/\/autoescolarovira.com\/permis-b\/","url":"https:\/\/autoescolarovira.com\/permis-b\/","name":"Perm\u00eds B - Autoescola Rovira","isPartOf":{"@id":"https:\/\/autoescolarovira.com\/es\/#website"},"datePublished":"2024-03-14T10:45:29+00:00","dateModified":"2025-06-04T07:19:42+00:00","breadcrumb":{"@id":"https:\/\/autoescolarovira.com\/permis-b\/#breadcrumb"},"inLanguage":"es","potentialAction":[{"@type":"ReadAction","target":["https:\/\/autoescolarovira.com\/permis-b\/"]}]},{"@type":"BreadcrumbList","@id":"https:\/\/autoescolarovira.com\/permis-b\/#breadcrumb","itemListElement":[{"@type":"ListItem","position":1,"name":"Portada","item":"https:\/\/autoescolarovira.com\/"},{"@type":"ListItem","position":2,"name":"Perm\u00eds B"}]},{"@type":"WebSite","@id":"https:\/\/autoescolarovira.com\/es\/#website","url":"https:\/\/autoescolarovira.com\/es\/","name":"Autoescola Rovira","description":"","potentialAction":[{"@type":"SearchAction","target":{"@type":"EntryPoint","urlTemplate":"https:\/\/autoescolarovira.com\/es\/?s={search_term_string}"},"query-input":"required name=search_term_string"}],"inLanguage":"es"}]}},"_links":{"self":[{"href":"https:\/\/autoescolarovira.com\/es\/wp-json\/wp\/v2\/pages\/436"}],"collection":[{"href":"https:\/\/autoescolarovira.com\/es\/wp-json\/wp\/v2\/pages"}],"about":[{"href":"https:\/\/autoescolarovira.com\/es\/wp-json\/wp\/v2\/types\/page"}],"author":[{"embeddable":true,"href":"https:\/\/autoescolarovira.com\/es\/wp-json\/wp\/v2\/users\/2"}],"replies":[{"embeddable":true,"href":"https:\/\/autoescolarovira.com\/es\/wp-json\/wp\/v2\/comments?post=436"}],"version-history":[{"count":37,"href":"https:\/\/autoescolarovira.com\/es\/wp-json\/wp\/v2\/pages\/436\/revisions"}],"predecessor-version":[{"id":497,"href":"https:\/\/autoescolarovira.com\/es\/wp-json\/wp\/v2\/pages\/436\/revisions\/497"}],"wp:attachment":[{"href":"https:\/\/autoescolarovira.com\/es\/wp-json\/wp\/v2\/media?parent=436"}],"curies":[{"name":"wp","href":"https:\/\/api.w.org\/{rel}","templated":true}]}}